{"id":262,"date":"2013-10-07T14:33:16","date_gmt":"2013-10-07T14:33:16","guid":{"rendered":"http:\/\/localhost\/omururu-guesthouse\/?page_id=262"},"modified":"2023-06-07T11:30:03","modified_gmt":"2023-06-07T11:30:03","slug":"ausstattung","status":"publish","type":"page","link":"https:\/\/omaruru-guesthouse.com\/de\/ausstattung","title":{"rendered":"Ausstattung"},"content":{"rendered":"<p>[vc_row][vc_column][vc_text_separator title=&#8220;Ausstattung&#8220; icon=&#8220;krown-icon-eye-1&#8243; border=&#8220;no_border&#8220;][vc_column_text]<\/p>\n<p><span style=\"font-size: 13px; color: #3b3b3b;\">Wir bieten verschiedene\u00a0Ausstattungen zu Ihrer Verf\u00fcgung.<\/span><\/p>\n<p>[\/vc_column_text][vc_separator height=&#8220;20&#8243;][vc_row_inner][vc_column_inner width=&#8220;1\/3&#8243;][vc_column_text]<\/p>\n<p style=\"text-align: center;\"><a href=\"http:\/\/omaruru-guesthouse.com\/start\/wp-content\/uploads\/2013\/09\/Omaruru-Guesthouse-verandah.jpg\"><img decoding=\"async\" loading=\"lazy\" class=\"aligncenter wp-image-392 size-medium\" src=\"http:\/\/omaruru-guesthouse.com\/start\/wp-content\/uploads\/2013\/09\/Omaruru-Guesthouse-verandah-300x200.jpg\" alt=\"Omaruru Guesthouse verandah\" width=\"300\" height=\"200\" srcset=\"https:\/\/omaruru-guesthouse.com\/start\/wp-content\/uploads\/2013\/09\/Omaruru-Guesthouse-verandah-300x200.jpg 300w, https:\/\/omaruru-guesthouse.com\/start\/wp-content\/uploads\/2013\/09\/Omaruru-Guesthouse-verandah.jpg 600w\" sizes=\"(max-width: 300px) 100vw, 300px\" \/><\/a><strong>Speisesaal mit Veranda<\/strong><\/p>\n<p>[\/vc_column_text][\/vc_column_inner][vc_column_inner width=&#8220;1\/3&#8243;][vc_column_text]<\/p>\n<p style=\"text-align: center;\"><a href=\"http:\/\/omaruru-guesthouse.com\/start\/wp-content\/uploads\/2013\/09\/Omaruru-Guesthouse-Dinning-room.jpg\"><img decoding=\"async\" loading=\"lazy\" class=\"aligncenter wp-image-473 size-medium\" src=\"http:\/\/omaruru-guesthouse.com\/start\/wp-content\/uploads\/2013\/09\/Omaruru-Guesthouse-Dinning-room-300x200.jpg\" alt=\"Omaruru Guesthouse Dinning room\" width=\"300\" height=\"200\" srcset=\"https:\/\/omaruru-guesthouse.com\/start\/wp-content\/uploads\/2013\/09\/Omaruru-Guesthouse-Dinning-room-300x200.jpg 300w, https:\/\/omaruru-guesthouse.com\/start\/wp-content\/uploads\/2013\/09\/Omaruru-Guesthouse-Dinning-room.jpg 600w\" sizes=\"(max-width: 300px) 100vw, 300px\" \/><\/a><strong>Speisesaal<\/strong><\/p>\n<p>[\/vc_column_text][\/vc_column_inner][vc_column_inner width=&#8220;1\/3&#8243;][vc_column_text]<\/p>\n<p style=\"text-align: center;\"><a href=\"http:\/\/omaruru-guesthouse.com\/start\/wp-content\/uploads\/2017\/12\/Omaruru-guesthouse-breakfast.jpg\"><img decoding=\"async\" loading=\"lazy\" class=\"aligncenter wp-image-773 size-medium\" src=\"http:\/\/omaruru-guesthouse.com\/start\/wp-content\/uploads\/2017\/12\/Omaruru-guesthouse-breakfast-300x202.jpg\" alt=\"Omaruru-guesthouse-breakfast\" width=\"300\" height=\"202\" srcset=\"https:\/\/omaruru-guesthouse.com\/start\/wp-content\/uploads\/2017\/12\/Omaruru-guesthouse-breakfast-300x202.jpg 300w, https:\/\/omaruru-guesthouse.com\/start\/wp-content\/uploads\/2017\/12\/Omaruru-guesthouse-breakfast-768x517.jpg 768w, https:\/\/omaruru-guesthouse.com\/start\/wp-content\/uploads\/2017\/12\/Omaruru-guesthouse-breakfast.jpg 950w\" sizes=\"(max-width: 300px) 100vw, 300px\" \/><\/a><strong>Fr\u00fchst\u00fcck<\/strong><\/p>\n<p>[\/vc_column_text][\/vc_column_inner][\/vc_row_inner][vc_separator height=&#8220;20&#8243;][vc_row_inner][vc_column_inner width=&#8220;1\/3&#8243;][vc_column_text]<\/p>\n<p style=\"text-align: center;\"><a href=\"http:\/\/omaruru-guesthouse.com\/start\/wp-content\/uploads\/2013\/09\/Omaruru-Guesthouse-outdoor-seating-2.jpg\"><img decoding=\"async\" loading=\"lazy\" class=\"aligncenter wp-image-717 size-medium\" src=\"http:\/\/omaruru-guesthouse.com\/start\/wp-content\/uploads\/2013\/09\/Omaruru-Guesthouse-outdoor-seating-2-300x200.jpg\" alt=\"omaruru-guesthouse-outdoor-seating-2\" width=\"300\" height=\"200\" srcset=\"https:\/\/omaruru-guesthouse.com\/start\/wp-content\/uploads\/2013\/09\/Omaruru-Guesthouse-outdoor-seating-2-300x200.jpg 300w, https:\/\/omaruru-guesthouse.com\/start\/wp-content\/uploads\/2013\/09\/Omaruru-Guesthouse-outdoor-seating-2.jpg 600w\" sizes=\"(max-width: 300px) 100vw, 300px\" \/><\/a><strong>Sitzgelegenheit im Freien<\/strong><\/p>\n<p>[\/vc_column_text][\/vc_column_inner][vc_column_inner width=&#8220;1\/3&#8243;][vc_column_text]<\/p>\n<p style=\"text-align: center;\"><a href=\"http:\/\/omaruru-guesthouse.com\/start\/wp-content\/uploads\/2017\/12\/omaruru-guesthouse-pool.jpg\"><img decoding=\"async\" loading=\"lazy\" class=\"aligncenter wp-image-770 size-medium\" src=\"http:\/\/omaruru-guesthouse.com\/start\/wp-content\/uploads\/2017\/12\/omaruru-guesthouse-pool-300x202.jpg\" alt=\"omaruru-guesthouse-pool\" width=\"300\" height=\"202\" srcset=\"https:\/\/omaruru-guesthouse.com\/start\/wp-content\/uploads\/2017\/12\/omaruru-guesthouse-pool-300x202.jpg 300w, https:\/\/omaruru-guesthouse.com\/start\/wp-content\/uploads\/2017\/12\/omaruru-guesthouse-pool-768x517.jpg 768w, https:\/\/omaruru-guesthouse.com\/start\/wp-content\/uploads\/2017\/12\/omaruru-guesthouse-pool.jpg 950w\" sizes=\"(max-width: 300px) 100vw, 300px\" \/><\/a><strong>Schwimmbad<\/strong><\/p>\n<p>[\/vc_column_text][\/vc_column_inner][vc_column_inner width=&#8220;1\/3&#8243;][vc_column_text]<\/p>\n<p style=\"text-align: center;\"><a href=\"http:\/\/omaruru-guesthouse.com\/start\/wp-content\/uploads\/2013\/09\/bambu-wellness.jpg\"><img decoding=\"async\" loading=\"lazy\" class=\"size-medium wp-image-648 aligncenter\" src=\"http:\/\/omaruru-guesthouse.com\/start\/wp-content\/uploads\/2013\/09\/bambu-wellness-300x200.jpg\" alt=\"bambu wellness\" width=\"300\" height=\"200\" srcset=\"https:\/\/omaruru-guesthouse.com\/start\/wp-content\/uploads\/2013\/09\/bambu-wellness-300x200.jpg 300w, https:\/\/omaruru-guesthouse.com\/start\/wp-content\/uploads\/2013\/09\/bambu-wellness.jpg 600w\" sizes=\"(max-width: 300px) 100vw, 300px\" \/><\/a><strong>Bamboo Wellness Boutique<\/strong><\/p>\n<p>[\/vc_column_text][\/vc_column_inner][\/vc_row_inner][vc_separator height=&#8220;20&#8243;][vc_row_inner][vc_column_inner width=&#8220;1\/3&#8243;][vc_column_text width=&#8220;1\/1&#8243; el_position=&#8220;first last&#8220;]<\/p>\n<section><span style=\"font-size: 13px; color: #3b3b3b;\"><strong>Liste der Einrichtungen:<\/strong><\/span><\/section>\n<ul>\n<li><span style=\"font-size: 13px; color: #3b3b3b;\">Schwimmbad\u00a0<\/span><\/li>\n<li><span style=\"font-size: 13px; color: #3b3b3b;\">Speisesaal mit Veranda<\/span><\/li>\n<li><span style=\"font-size: 13px; color: #3b3b3b;\">Feuerplatz<\/span><\/li>\n<li><span style=\"font-size: 13px; color: #3b3b3b;\">Kabelloser Internetzugang<\/span><\/li>\n<li><span style=\"font-size: 13px; color: #3b3b3b;\">Klimaanlage in alle Zimmer<\/span><\/li>\n<li><span style=\"font-size: 13px; color: #3b3b3b;\">Alle\u00a0Zimmer mit Fernseher und DSTV Anschluss<\/span><\/li>\n<li><span style=\"font-size: 13px; color: #3b3b3b;\">Bewachter Parkplatz<\/span><\/li>\n<\/ul>\n<p>[\/vc_column_text][\/vc_column_inner][vc_column_inner width=&#8220;1\/3&#8243;][vc_column_text width=&#8220;1\/1&#8243; el_position=&#8220;first last&#8220;]<\/p>\n<div>\n<section><span style=\"font-size: 13px; color: #3b3b3b;\"><strong>Speisem\u00f6glichkeiten:<\/strong><\/span><\/section>\n<\/div>\n<ul>\n<li><span style=\"font-size: 13px; color: #3b3b3b;\"><span style=\"font-size: 13px; color: #3b3b3b;\">Fr\u00fchst\u00fcck\u00a0inklusiv<\/span><\/span><\/li>\n<li><span style=\"font-size: 13px; color: #3b3b3b;\">(Abendessen f\u00fcr Gruppen auf Anfrage)<\/span><\/li>\n<\/ul>\n<p>[\/vc_column_text][\/vc_column_inner][vc_column_inner width=&#8220;1\/3&#8243;][vc_column_text width=&#8220;1\/1&#8243; el_position=&#8220;first last&#8220;]<span style=\"font-size: 13px; color: #6aae99;\"><strong>Bambu Wellness Boutique:<\/strong><\/span><\/p>\n<p><span style=\"color: #6aae99;\"><span style=\"font-size: 13px;\">G\u00f6nnen Sie sich eine Ganzk\u00f6rpermassage, eine kosmetische Gesichtsbehandlung, eine Pedik\u00fcre oder vieles mehr in der Bambu Wellness Boutique am Omaruru Guesthouse. Bambu ist die Oase in der W\u00fcste!<\/span><\/span><\/p>\n<p><span style=\"color: #6aae99;\"><span style=\"font-size: 13px;\">Um mehr zu erfahren klicken Sie bitte den Link:<br \/>\n<a href=\"http:\/\/bambu-wellness.com\/\" target=\"_blank\" rel=\"noopener noreferrer\">bambu-wellness.com<\/a><\/span><\/span>[\/vc_column_text][\/vc_column_inner][\/vc_row_inner][\/vc_column][\/vc_row]<\/p>\n","protected":false},"excerpt":{"rendered":"<p>[vc_row][vc_column][vc_text_separator title=&#8220;Ausstattung&#8220; icon=&#8220;krown-icon-eye-1&#8243; border=&#8220;no_border&#8220;][vc_column_text] Wir bieten verschiedene\u00a0Ausstattungen zu Ihrer Verf\u00fcgung. [\/vc_column_text][vc_separator height=&#8220;20&#8243;][vc_row_inner][vc_column_inner width=&#8220;1\/3&#8243;][vc_column_text] Speisesaal mit Veranda [\/vc_column_text][\/vc_column_inner][vc_column_inner width=&#8220;1\/3&#8243;][vc_column_text] Speisesaal [\/vc_column_text][\/vc_column_inner][vc_column_inner width=&#8220;1\/3&#8243;][vc_column_text] Fr\u00fchst\u00fcck [\/vc_column_text][\/vc_column_inner][\/vc_row_inner][vc_separator height=&#8220;20&#8243;][vc_row_inner][vc_column_inner width=&#8220;1\/3&#8243;][vc_column_text] Sitzgelegenheit im Freien [\/vc_column_text][\/vc_column_inner][vc_column_inner width=&#8220;1\/3&#8243;][vc_column_text] Schwimmbad [\/vc_column_text][\/vc_column_inner][vc_column_inner width=&#8220;1\/3&#8243;][vc_column_text] Bamboo Wellness Boutique [\/vc_column_text][\/vc_column_inner][\/vc_row_inner][vc_separator height=&#8220;20&#8243;][vc_row_inner][vc_column_inner width=&#8220;1\/3&#8243;][vc_column_text width=&#8220;1\/1&#8243; el_position=&#8220;first last&#8220;] Liste der Einrichtungen: Schwimmbad\u00a0 Speisesaal mit Veranda Feuerplatz Kabelloser Internetzugang Klimaanlage in alle [&hellip;]<\/p>\n","protected":false},"author":2,"featured_media":0,"parent":0,"menu_order":0,"comment_status":"open","ping_status":"open","template":"","meta":{"footnotes":""},"_links":{"self":[{"href":"https:\/\/omaruru-guesthouse.com\/de\/wp-json\/wp\/v2\/pages\/262"}],"collection":[{"href":"https:\/\/omaruru-guesthouse.com\/de\/wp-json\/wp\/v2\/pages"}],"about":[{"href":"https:\/\/omaruru-guesthouse.com\/de\/wp-json\/wp\/v2\/types\/page"}],"author":[{"embeddable":true,"href":"https:\/\/omaruru-guesthouse.com\/de\/wp-json\/wp\/v2\/users\/2"}],"replies":[{"embeddable":true,"href":"https:\/\/omaruru-guesthouse.com\/de\/wp-json\/wp\/v2\/comments?post=262"}],"version-history":[{"count":27,"href":"https:\/\/omaruru-guesthouse.com\/de\/wp-json\/wp\/v2\/pages\/262\/revisions"}],"predecessor-version":[{"id":919,"href":"https:\/\/omaruru-guesthouse.com\/de\/wp-json\/wp\/v2\/pages\/262\/revisions\/919"}],"wp:attachment":[{"href":"https:\/\/omaruru-guesthouse.com\/de\/wp-json\/wp\/v2\/media?parent=262"}],"curies":[{"name":"wp","href":"https:\/\/api.w.org\/{rel}","templated":true}]}}