{"id":542,"date":"2014-09-18T10:55:45","date_gmt":"2014-09-18T10:55:45","guid":{"rendered":"http:\/\/www.omaruru-guesthouse.com\/?page_id=542"},"modified":"2016-10-08T12:31:33","modified_gmt":"2016-10-08T12:31:33","slug":"home-testdeu","status":"publish","type":"page","link":"https:\/\/omaruru-guesthouse.com\/de","title":{"rendered":"Home"},"content":{"rendered":"<p>[vc_row][vc_column width=&#8220;3\/4&#8243;][vc_text_separator title=&#8220;\u00dcber Omaruru Guesthouse&#8220; icon=&#8220;krown-icon-leaf&#8220;][vc_separator height=&#8220;30&#8243;]<header class=\"rbTagline scd clearfix\"><h1>Der Perfekte Platz um sich zu Erholen und einfach mal auszuspannen!<\/h1><i class=\"i-medium none\"><\/i><\/header>[vc_separator height=&#8220;30&#8243;][vc_column_text]<span style=\"font-size: 13px; color: #3b3b3b;\"><strong>Das Omaruru Gueshouse\u00a0<\/strong>ist ideal sowohl f\u00fcr \u00dcbernachtungen als auch f\u00fcr Workshops und Seminare. Der freundliche Service und die sauberen und komfortablen Zimmer sprechen Familien und Gesch\u00e4ftsreisende gleicherma\u00dfen an. Es ist uns ein Anliegen, Ihren Aufenthalt so bequem und komfortabel wie m\u00f6glich zu gestalten, so da\u00df Sie sich einfach zur\u00fccklegen, entspannen und wie zuhause f\u00fchlen k\u00f6nnen.<\/span><\/p>\n<p><span style=\"font-size: 13px; color: #3b3b3b;\"><strong>Jeden Morgen erwartet Sie <\/strong>auf unserer Veranda ein reichhaltiges und gesundes Fr\u00fchst\u00fcck. Dort bedient Sie unser freundliches Personal, so da\u00df Sie sich rundum wohlf\u00fchlen k\u00f6nnen. Auf Anfrage servieren wir auch leckere Mahlzeiten in der gem\u00fctlichen und einladenden Atmosph\u00e4re unseres Speisesaals. W\u00e4hrend Ihres Aufenthaltes k\u00f6nnen Sie unter unseren gro\u00dfen schattenspendenden B\u00e4umen sitzen und sich in unserem Swimmingpool abk\u00fchlen. Oder Sie setzen sich am Abend mit Ihrem bevorzugten Sundowner an die Feuerstelle, wo Sie zuerst den spektakul\u00e4ren Sonnenuntergang erleben und sp\u00e4ter den faszinierenden afrikanischen Sternenhimmel bewundern k\u00f6nnen.<br \/>\n<\/span>[\/vc_column_text][vc_separator height=&#8220;10&#8243;][\/vc_column][vc_column width=&#8220;1\/4&#8243;][vc_text_separator title=&#8220;Besuchen Sie Auch&#8220; icon=&#8220;krown-icon-eye-1&#8243; margin=&#8220;10&#8243;][vc_separator height_2=&#8220;30&#8243; height=&#8220;30&#8243;][vc_column_text]<\/p>\n<p><a href=\"http:\/\/www.nightsbridge.co.za\/bridge\/book?bbid=15516\" target=\"_blank\"><img decoding=\"async\" loading=\"lazy\" class=\"aligncenter size-full wp-image-592\" src=\"http:\/\/www.omaruru-guesthouse.com\/wp-content\/uploads\/2014\/09\/online-booking-deutsch2.png\" alt=\"online-booking-deutsch2\" width=\"216\" height=\"76\" \/><\/a>[\/vc_column_text]<section class=\"rbBox clearfix light autop\"><a href=\"http:\/\/bambu-wellness.com\/\" target=\"_blank\"><img decoding=\"async\" loading=\"lazy\" class=\"aligncenter wp-image-586 size-full\" src=\"http:\/\/www.omaruru-guesthouse.com\/wp-content\/uploads\/2015\/02\/Bambu-wellness-boutique2.png\" alt=\"Bambu-wellness-boutique2\" width=\"160\" height=\"40\" \/><\/a><\/section>[vc_separator height_2=&#8220;30&#8243; height=&#8220;30&#8243;][vc_column_text]<\/p>\n<div align=\"center\">\n<div id=\"TA_cdsratingsonlynarrow205\" class=\"TA_cdsratingsonlynarrow\">\n<ul id=\"E9g2TaCUc\" class=\"TA_links 8ofzpi\">\n<li id=\"RFejca\" class=\"1Jl9rkmx\"><a href=\"https:\/\/www.tripadvisor.co.za\/\" target=\"_blank\"><img decoding=\"async\" src=\"https:\/\/www.tripadvisor.co.za\/img\/cdsi\/img2\/branding\/tripadvisor_logo_transp_340x80-18034-2.png\" alt=\"TripAdvisor\" \/><\/a><\/li>\n<\/ul>\n<\/div>\n<p><script src=\"https:\/\/www.jscache.com\/wejs?wtype=cdsratingsonlynarrow&amp;uniq=205&amp;locationId=3479454&amp;lang=en_ZA&amp;border=true&amp;display_version=2\"><\/script><\/p>\n<\/div>\n<p>[\/vc_column_text][\/vc_column][\/vc_row]<\/p>\n","protected":false},"excerpt":{"rendered":"<p>[vc_row][vc_column width=&#8220;3\/4&#8243;][vc_text_separator title=&#8220;\u00dcber Omaruru Guesthouse&#8220; icon=&#8220;krown-icon-leaf&#8220;][vc_separator height=&#8220;30&#8243;][vc_separator height=&#8220;30&#8243;][vc_column_text]Das Omaruru Gueshouse\u00a0ist ideal sowohl f\u00fcr \u00dcbernachtungen als auch f\u00fcr Workshops und Seminare. Der freundliche Service und die sauberen und komfortablen Zimmer sprechen Familien und Gesch\u00e4ftsreisende gleicherma\u00dfen an. Es ist uns ein Anliegen, Ihren Aufenthalt so bequem und komfortabel wie m\u00f6glich zu gestalten, so da\u00df Sie sich einfach [&hellip;]<\/p>\n","protected":false},"author":2,"featured_media":0,"parent":0,"menu_order":0,"comment_status":"open","ping_status":"open","template":"template-slider-full.php","meta":{"footnotes":""},"_links":{"self":[{"href":"https:\/\/omaruru-guesthouse.com\/de\/wp-json\/wp\/v2\/pages\/542"}],"collection":[{"href":"https:\/\/omaruru-guesthouse.com\/de\/wp-json\/wp\/v2\/pages"}],"about":[{"href":"https:\/\/omaruru-guesthouse.com\/de\/wp-json\/wp\/v2\/types\/page"}],"author":[{"embeddable":true,"href":"https:\/\/omaruru-guesthouse.com\/de\/wp-json\/wp\/v2\/users\/2"}],"replies":[{"embeddable":true,"href":"https:\/\/omaruru-guesthouse.com\/de\/wp-json\/wp\/v2\/comments?post=542"}],"version-history":[{"count":12,"href":"https:\/\/omaruru-guesthouse.com\/de\/wp-json\/wp\/v2\/pages\/542\/revisions"}],"predecessor-version":[{"id":749,"href":"https:\/\/omaruru-guesthouse.com\/de\/wp-json\/wp\/v2\/pages\/542\/revisions\/749"}],"wp:attachment":[{"href":"https:\/\/omaruru-guesthouse.com\/de\/wp-json\/wp\/v2\/media?parent=542"}],"curies":[{"name":"wp","href":"https:\/\/api.w.org\/{rel}","templated":true}]}}